{"id":1665,"date":"2022-05-02T21:58:43","date_gmt":"2022-05-02T20:58:43","guid":{"rendered":"https:\/\/adiyogiescola.com\/cursos-online\/?page_id=1665"},"modified":"2024-02-12T11:55:29","modified_gmt":"2024-02-12T11:55:29","slug":"aulas-regulares-semestral","status":"publish","type":"page","link":"https:\/\/adiyogiescola.com\/cursos-online\/aulas-regulares-semestral\/","title":{"rendered":"Aulas Regulares &#8211; Semestral"},"content":{"rendered":"\t\t<div data-elementor-type=\"wp-page\" data-elementor-id=\"1665\" class=\"elementor elementor-1665\">\n\t\t\t\t\t\t<section class=\"elementor-section elementor-top-section elementor-element elementor-element-62e8a1d1 elementor-section-content-top elementor-section-height-min-height elementor-section-items-stretch elementor-section-stretched elementor-section-boxed elementor-section-height-default elementor-invisible\" data-id=\"62e8a1d1\" data-element_type=\"section\" data-e-type=\"section\" data-settings=\"{&quot;animation&quot;:&quot;fadeIn&quot;,&quot;stretch_section&quot;:&quot;section-stretched&quot;,&quot;background_background&quot;:&quot;classic&quot;}\">\n\t\t\t\t\t\t\t<div class=\"elementor-background-overlay\"><\/div>\n\t\t\t\t\t\t\t<div class=\"elementor-container elementor-column-gap-default\">\n\t\t\t\t\t<div class=\"elementor-column elementor-col-100 elementor-top-column elementor-element elementor-element-4fd83cb7\" data-id=\"4fd83cb7\" data-element_type=\"column\" data-e-type=\"column\">\n\t\t\t<div class=\"elementor-widget-wrap elementor-element-populated\">\n\t\t\t\t\t<div class=\"elementor-background-overlay\"><\/div>\n\t\t\t\t\t\t<div class=\"elementor-element elementor-element-19348acf elementor-widget elementor-widget-heading\" data-id=\"19348acf\" data-element_type=\"widget\" data-e-type=\"widget\" data-widget_type=\"heading.default\">\n\t\t\t\t<div class=\"elementor-widget-container\">\n\t\t\t\t\t<h2 class=\"elementor-heading-title elementor-size-default\">Aulas Regulares<\/h2>\t\t\t\t<\/div>\n\t\t\t\t<\/div>\n\t\t\t\t<div class=\"elementor-element elementor-element-24b88359 elementor-widget elementor-widget-heading\" data-id=\"24b88359\" data-element_type=\"widget\" data-e-type=\"widget\" data-widget_type=\"heading.default\">\n\t\t\t\t<div class=\"elementor-widget-container\">\n\t\t\t\t\t<h2 class=\"elementor-heading-title elementor-size-default\">Yoga e Medita\u00e7\u00e3o<\/h2>\t\t\t\t<\/div>\n\t\t\t\t<\/div>\n\t\t\t\t<div class=\"elementor-element elementor-element-ba01c74 elementor-widget elementor-widget-text-editor\" data-id=\"ba01c74\" data-element_type=\"widget\" data-e-type=\"widget\" data-widget_type=\"text-editor.default\">\n\t\t\t\t<div class=\"elementor-widget-container\">\n\t\t\t\t\t\t\t\t\t<p>Op\u00e7\u00e3o Pagamento Semestral<\/p>\t\t\t\t\t\t\t\t<\/div>\n\t\t\t\t<\/div>\n\t\t\t\t\t<\/div>\n\t\t<\/div>\n\t\t\t\t\t<\/div>\n\t\t<\/section>\n\t\t\t\t<section class=\"elementor-section elementor-top-section elementor-element elementor-element-523902c6 elementor-section-stretched elementor-section-boxed elementor-section-height-default elementor-section-height-default\" data-id=\"523902c6\" data-element_type=\"section\" data-e-type=\"section\" data-settings=\"{&quot;background_background&quot;:&quot;classic&quot;,&quot;stretch_section&quot;:&quot;section-stretched&quot;}\">\n\t\t\t\t\t\t<div class=\"elementor-container elementor-column-gap-default\">\n\t\t\t\t\t<div class=\"elementor-column elementor-col-100 elementor-top-column elementor-element elementor-element-768f537f\" data-id=\"768f537f\" data-element_type=\"column\" data-e-type=\"column\">\n\t\t\t<div class=\"elementor-widget-wrap elementor-element-populated\">\n\t\t\t\t\t\t<section class=\"elementor-section elementor-inner-section elementor-element elementor-element-55548f86 elementor-reverse-mobile elementor-section-boxed elementor-section-height-default elementor-section-height-default elementor-invisible\" data-id=\"55548f86\" data-element_type=\"section\" data-e-type=\"section\" data-settings=\"{&quot;background_background&quot;:&quot;classic&quot;,&quot;animation&quot;:&quot;fadeIn&quot;}\">\n\t\t\t\t\t\t<div class=\"elementor-container elementor-column-gap-default\">\n\t\t\t\t\t<div class=\"elementor-column elementor-col-50 elementor-inner-column elementor-element elementor-element-3ecc00d6\" data-id=\"3ecc00d6\" data-element_type=\"column\" data-e-type=\"column\" data-settings=\"{&quot;background_background&quot;:&quot;classic&quot;}\">\n\t\t\t<div class=\"elementor-widget-wrap elementor-element-populated\">\n\t\t\t\t\t\t<div class=\"elementor-element elementor-element-cfbbd95 elementor-widget elementor-widget-image\" data-id=\"cfbbd95\" data-element_type=\"widget\" data-e-type=\"widget\" data-widget_type=\"image.default\">\n\t\t\t\t<div class=\"elementor-widget-container\">\n\t\t\t\t\t\t\t\t\t\t\t\t\t\t\t<img fetchpriority=\"high\" decoding=\"async\" width=\"300\" height=\"300\" src=\"https:\/\/adiyogiescola.com\/cursos-online\/wp-content\/uploads\/2021\/07\/cropped-logo-adiyogi-300x300.png\" class=\"attachment-medium size-medium wp-image-577\" alt=\"\" srcset=\"https:\/\/adiyogiescola.com\/cursos-online\/wp-content\/uploads\/2021\/07\/cropped-logo-adiyogi-300x300.png 300w, https:\/\/adiyogiescola.com\/cursos-online\/wp-content\/uploads\/2021\/07\/cropped-logo-adiyogi-150x150.png 150w, https:\/\/adiyogiescola.com\/cursos-online\/wp-content\/uploads\/2021\/07\/cropped-logo-adiyogi-160x160.png 160w, https:\/\/adiyogiescola.com\/cursos-online\/wp-content\/uploads\/2021\/07\/cropped-logo-adiyogi.png 512w\" sizes=\"(max-width: 300px) 100vw, 300px\" \/>\t\t\t\t\t\t\t\t\t\t\t\t\t\t\t<\/div>\n\t\t\t\t<\/div>\n\t\t\t\t<div class=\"elementor-element elementor-element-2f4f3975 elementor-widget elementor-widget-heading\" data-id=\"2f4f3975\" data-element_type=\"widget\" data-e-type=\"widget\" data-widget_type=\"heading.default\">\n\t\t\t\t<div class=\"elementor-widget-container\">\n\t\t\t\t\t<h2 class=\"elementor-heading-title elementor-size-default\">O que est\u00e1 inclu\u00eddo:<\/h2>\t\t\t\t<\/div>\n\t\t\t\t<\/div>\n\t\t\t\t<div class=\"elementor-element elementor-element-6349f52 elementor-icon-list--layout-traditional elementor-list-item-link-full_width elementor-widget elementor-widget-icon-list\" data-id=\"6349f52\" data-element_type=\"widget\" data-e-type=\"widget\" data-widget_type=\"icon-list.default\">\n\t\t\t\t<div class=\"elementor-widget-container\">\n\t\t\t\t\t\t\t<ul class=\"elementor-icon-list-items\">\n\t\t\t\t\t\t\t<li class=\"elementor-icon-list-item\">\n\t\t\t\t\t\t\t\t\t\t\t<span class=\"elementor-icon-list-icon\">\n\t\t\t\t\t\t\t<i aria-hidden=\"true\" class=\"fas fa-check-circle\"><\/i>\t\t\t\t\t\t<\/span>\n\t\t\t\t\t\t\t\t\t\t<span class=\"elementor-icon-list-text\">Aulas Regulares de Yoga e Medita\u00e7\u00e3o<\/span>\n\t\t\t\t\t\t\t\t\t<\/li>\n\t\t\t\t\t\t\t\t<li class=\"elementor-icon-list-item\">\n\t\t\t\t\t\t\t\t\t\t\t<span class=\"elementor-icon-list-icon\">\n\t\t\t\t\t\t\t<i aria-hidden=\"true\" class=\"fas fa-check-circle\"><\/i>\t\t\t\t\t\t<\/span>\n\t\t\t\t\t\t\t\t\t\t<span class=\"elementor-icon-list-text\">Aulas ao vivo Presenciais e\/ou Online<\/span>\n\t\t\t\t\t\t\t\t\t<\/li>\n\t\t\t\t\t\t\t\t<li class=\"elementor-icon-list-item\">\n\t\t\t\t\t\t\t\t\t\t\t<span class=\"elementor-icon-list-icon\">\n\t\t\t\t\t\t\t<i aria-hidden=\"true\" class=\"fas fa-check-circle\"><\/i>\t\t\t\t\t\t<\/span>\n\t\t\t\t\t\t\t\t\t\t<span class=\"elementor-icon-list-text\">Acesso \u00e0s Grava\u00e7\u00f5es<\/span>\n\t\t\t\t\t\t\t\t\t<\/li>\n\t\t\t\t\t\t\t\t<li class=\"elementor-icon-list-item\">\n\t\t\t\t\t\t\t\t\t\t\t<span class=\"elementor-icon-list-icon\">\n\t\t\t\t\t\t\t<i aria-hidden=\"true\" class=\"fas fa-check-circle\"><\/i>\t\t\t\t\t\t<\/span>\n\t\t\t\t\t\t\t\t\t\t<span class=\"elementor-icon-list-text\">Condi\u00e7\u00f5es especiais para alunos para outras atividades da Escola AdiYogi<\/span>\n\t\t\t\t\t\t\t\t\t<\/li>\n\t\t\t\t\t\t<\/ul>\n\t\t\t\t\t\t<\/div>\n\t\t\t\t<\/div>\n\t\t\t\t\t<\/div>\n\t\t<\/div>\n\t\t\t\t<div class=\"elementor-column elementor-col-50 elementor-inner-column elementor-element elementor-element-43500820\" data-id=\"43500820\" data-element_type=\"column\" data-e-type=\"column\" data-settings=\"{&quot;background_background&quot;:&quot;classic&quot;}\">\n\t\t\t<div class=\"elementor-widget-wrap elementor-element-populated\">\n\t\t\t\t\t\t<div class=\"elementor-element elementor-element-4658767a  elementor-show-before-yes elementor-wpcf7-button-md elementor-wpcf7-button-md elementor-widget elementor-widget-sc-orderform\" data-id=\"4658767a\" data-element_type=\"widget\" data-e-type=\"widget\" data-widget_type=\"sc-orderform.default\">\n\t\t\t\t<div class=\"elementor-widget-container\">\n\t\t\t\t\t\n<section id=\"sc-form-container\" class=\"studiocart scshortcode\">\n  <div class=\"container\"> \n\t<div id=\"sc-payment-form-1638-69f17f5ccc024\" class=\"sc-form-wrap\"><form id=\"sc-payment-form\"  action=\"https:\/\/adiyogiescola.com\/cursos-online\/products\/aulas-regulares-yoga-e-meditacao-6-meses\/\" method=\"post\">\n    <div class=\"sc-section products \">\n\n        \n        <h3 class=\"title\">Op\u00e7\u00f5es de Inscri\u00e7\u00e3o<\/h3>\n\n                <input id=\"sc-coupon-id\" type=\"hidden\" name=\"coupon_id\" value=\"\">\n        <div class=\"coupon-code\">\n                    <\/div>\n                    \n        \n            <div class=\"item \">\n                <label>\n                    <input id=\"option-Yoga1x\" checked type=\"radio\" name=\"sc_product_option\" data-val=\"recurring\" data-price=\"199\" \n                      \n                    data-installments=\"-1\" data-interval=\"months\" \n                            \n                        data-frequency=\"6\"\n                                                                                             \n                                            data-taxable=\"no\" \n                                        value=\"Yoga1x\">\n                    <span class=\"item-name\">\n                        Apenas Yoga 1x Semana                                            <\/span>\n                <\/label>\n\n                                <span class=\"price\">\n                    199.00<span class=\"sc-Price-currencySymbol\">&euro;<\/span>                <\/span>\n                                \n                            <\/div>\n        \n            <div class=\"item \">\n                <label>\n                    <input id=\"option-Yoga2x\"  type=\"radio\" name=\"sc_product_option\" data-val=\"recurring\" data-price=\"285\" \n                      \n                    data-installments=\"-1\" data-interval=\"months\" \n                            \n                        data-frequency=\"6\"\n                                                                                             \n                                            data-taxable=\"no\" \n                                        value=\"Yoga2x\">\n                    <span class=\"item-name\">\n                        Apenas Yoga 2x Semana                                            <\/span>\n                <\/label>\n\n                                <span class=\"price\">\n                    285.00<span class=\"sc-Price-currencySymbol\">&euro;<\/span>                <\/span>\n                                \n                            <\/div>\n        \n                <span id=\"coupon-status\">coupon invalid<\/span>\n        <div class=\"coupon-code applied\">\n            <span class=\"coup-confirm\">Discount Applied!<\/span>\n        <\/div>\n        \n    <\/div>\n        <div class=\"sc-section card-details\">\n        <h3 class=\"title\">\n                            Informa\u00e7\u00f5es de Contacto        \n                    \n        <\/h3>\n        <div class=\"row\">\n        \n        <div class=\"form-group col-sm-6 \">\n                                <input id=\"first_name\" name=\"first_name\" type=\"text\" class=\"form-control  required\" placeholder=\"Nome\" value=\"\" aria-label=\"Nome\"\n                        >\n                                                    <\/div>\n    \n        <div class=\"form-group col-sm-6 \">\n                                <input id=\"last_name\" name=\"last_name\" type=\"text\" class=\"form-control  required\" placeholder=\"Apelido\" value=\"\" aria-label=\"Apelido\"\n                        >\n                                                    <\/div>\n    \n        <div class=\"form-group col-sm-6 \">\n                                <input id=\"email\" name=\"email\" type=\"email\" class=\"form-control  required\" placeholder=\"Email\" value=\"\" aria-label=\"Email\"\n                        >\n                                                    <\/div>\n            <\/div>\n        \n        <div class=\"row\">\n        <div class=\"form-group col-sm-12 \">\n                                <input id=\"sc-data-de-nascimento\" name=\"sc_custom_fields[data-de-nascimento]\" type=\"date\" class=\"form-control  required\" placeholder=\"Data de Nascimento\" value=\"\" aria-label=\"Data de Nascimento\"\n                        >\n                                                    <\/div>\n    \n        <div class=\"form-group col-sm-12 \">\n                                <input id=\"sc-Problemas\" name=\"sc_custom_fields[Problemas]\" type=\"text\" class=\"form-control \" placeholder=\"Algum problema de ordem f\u00edsica ou psicol\u00f3gica que queiras partilhar?\" value=\"\" aria-label=\"Algum problema de ordem f\u00edsica ou psicol\u00f3gica que queiras partilhar?\"\n                        >\n                                                    <\/div>\n    \n        <div class=\"form-group col-sm-12 \">\n                                <select id=\"sc_custom_fields[Responsabilidade]\" name=\"sc_custom_fields[Responsabilidade]\" class=\"form-control  required\">\n                <option value=\"Sim\" >Sim<\/option><option value=\"N\u00e3o\" >N\u00e3o<\/option>            <\/select>\n                            <\/div>\n    <\/div>        \n    <\/div>\n\n    <div class=\"sc-section pay-info\">\n        <input type=\"hidden\" name=\"sc_currency_code\" id=\"sc_currency_code\" value=\"EUR\">\n        <input type=\"hidden\" name=\"sc_currency_country_code\" id=\"sc_currency_country_code\" value=\"PT\">\n        <input type=\"hidden\" name=\"name\" id=\"item_name\">\n        <input type=\"hidden\" name=\"price\" id=\"item_price\">\n        <input type=\"hidden\" name=\"sc_process_payment\" value=\"1\">\n        <input type=\"hidden\" name=\"sc_amount\" value=\"\">\n        <input type=\"hidden\" name=\"sc_product_id\" value=\"1638\">\n        <input type=\"hidden\" name=\"sc-nonce\" value=\"c9fb79fe3d\">\n        <input type=\"hidden\" name=\"action\" value=\"save_order_to_db\">\n                        <input type=\"hidden\" name=\"sc_page_id\" value=\"1665\">\n        <input type=\"hidden\" name=\"sc_page_url\" value=\"\/cursos-online\/wp-json\/wp\/v2\/pages\/1665\">\n        <input type=\"hidden\" name=\"sc_product_name\" value=\"Aulas Regulares de Yoga e Medita\u00e7\u00e3o\">\n        \n        \n    <h3 class=\"title\">Informa\u00e7\u00f5es de Pagamento<\/h3>\n    <div class=\"pay-methods\">\n                                    <label>\n                <input id=\"method-stripe\" type=\"radio\" name=\"pay-method\" value=\"stripe\" checked=\"checked\"><span class=\"item-name\">Cart\u00e3o de Cr\u00e9dito<\/span>                                <\/label>\n                            <label>\n                <input id=\"method-cod\" type=\"radio\" name=\"pay-method\" value=\"cod\" ><span class=\"item-name\">Pagamento em M\u00e3o<\/span>                                <\/label>\n                        <\/div>\n            <div class=\"row sc-stripe\">\n              <div class=\"form-group col-sm-12\">\n                \n                <div id=\"card-element\" data-form-wrapper=\"1638\" aria-label=\"Cart\u00e3o de cr\u00e9dito (podes criar um na app MbWay)\">\n                  <!-- A Stripe Element will be inserted here. -->            \n                <\/div>\n                <!-- Used to display Element errors. -->\n                <div id=\"card-errors\" role=\"alert\"><\/div>\n\n              <\/div>\n            <\/div>\n                    \n                \n    <\/div>\n        \n    <div class=\"sc-section sc-order-summary\">\n                        <h3 class=\"title\">Resumo de Encomenda<\/h3>\n                <div class=\"summary-items\">\n                    <div class=\"item\">\n                        <span class=\"sc-label\">Subtotal                        <\/span> \n                        <span id=\"subtotal\"><\/span>\n                    <\/div>\n                    \n                                        <div class=\"item cart-discount\" style=\"display: none\">\n                        <span class=\"sc-label\"><\/span>\n                        <span class=\"price\"><\/span>\n                    <\/div>\n                                    <\/div> <!-- \/.summary-items -->\n        \n         \n\n        <div class=\"row\">\n          <div class=\"form-group col-sm-12\">\n             <div class=\"total\">\n                 Montante a Pagar \n                 <span class=\"price\"><\/span>\n                 <small><\/small>\n             <\/div>\n          <\/div>\n        <\/div>\n        <div class=\"row\">   \n          <div class=\"form-group col-sm-12\">\n                            <div id=\"sc-terms\">\n                                \n                                    \n                    <div class=\"checkbox-wrap \">\n                    <label>\n                        <input type=\"checkbox\" class=\"required\" id=\"sc_accept_terms\" name=\"sc_accept_terms\" value=\"yes\"> \n                        <span class=\"item-name\">I have read and I accept the <a href=\"https:\/\/adiyogiescola.com\/cursos-online\/termos-condicoes\/\" target=\"_blank\" rel=\"noopener noreferrer\">terms and conditions<\/a> <span class=\"req\">*<\/span><\/span>\n                    <\/label>\n                    <\/div>\n                                                        \n                                                        <div class=\"checkbox-wrap \">\n                        <label>\n                            <input type=\"checkbox\" class=\"required\" id=\"sc_accept_privacy\" name=\"sc_accept_privacy\" value=\"yes\"> \n                            <span class=\"item-name\">I have read and I accept the <a href=\"https:\/\/adiyogiescola.com\/cursos-online\/politica-de-privacidade\/\" target=\"_blank\" rel=\"noopener noreferrer\">privacy policy<\/a> <span class=\"req\">*<\/span><\/span>\n                        <\/label>\n                    <\/div>\n                                    \n                                    \n                            <\/div>\n                                                \n    \n<button id=\"sc_card_button\" data-form-wrapper=\"sc-payment-form-1638-69f17f5ccc024\" type=\"button\" class=\"btn btn-primary btn-block\">\n        <svg class=\"spinner\" width=\"24\" height=\"24\" viewBox=\"0 0 24 24\">\n        <g fill=\"none\" fill-rule=\"nonzero\">\n            <path class=\"ring_thumb\" fill=\"#FCECEA\" d=\"M17.945 3.958A9.955 9.955 0 0 0 12 2c-2.19 0-4.217.705-5.865 1.9L5.131 2.16A11.945 11.945 0 0 1 12 0c2.59 0 4.99.82 6.95 2.217l-1.005 1.741z\"><\/path>\n            <path class=\"ring_track\" fill=\"#FCECEA\" d=\"M5.13 2.16L6.136 3.9A9.987 9.987 0 0 0 2 12c0 5.523 4.477 10 10 10s10-4.477 10-10a9.986 9.986 0 0 0-4.055-8.042l1.006-1.741A11.985 11.985 0 0 1 24 12c0 6.627-5.373 12-12 12S0 18.627 0 12c0-4.073 2.029-7.671 5.13-9.84z\" style=\"opacity: 0.35\"><\/path>\n        <\/g>\n    <\/svg>\n        <span class=\"text\">\n                \n        Enviar Inscri\u00e7\u00e3o        \n            <\/span>\n\n    <\/button>\n                          \n          <\/div>\n        <\/div>\n    <\/div>\n<\/form><\/div>\n  <\/div>\n<\/section>\n\n    <script type=\"text\/javascript\">\n        \n    \n    jQuery('document').ready(function($){\n            var view_data = {\n            'action': 'sc_set_form_views',\n            'page_id': '1665',\n            'prod_id': '1638',\n            'url': '\/cursos-online\/wp-json\/wp\/v2\/pages\/1665',\n        };\n        $.post(studiocart.ajax, view_data);\n        });    \n<\/script>\n\t\t\t\t<\/div>\n\t\t\t\t<\/div>\n\t\t\t\t\t<\/div>\n\t\t<\/div>\n\t\t\t\t\t<\/div>\n\t\t<\/section>\n\t\t\t\t\t<\/div>\n\t\t<\/div>\n\t\t\t\t\t<\/div>\n\t\t<\/section>\n\t\t\t\t<section class=\"elementor-section elementor-top-section elementor-element elementor-element-4be68de7 elementor-section-stretched elementor-section-boxed elementor-section-height-default elementor-section-height-default\" data-id=\"4be68de7\" data-element_type=\"section\" data-e-type=\"section\" data-settings=\"{&quot;background_background&quot;:&quot;classic&quot;,&quot;stretch_section&quot;:&quot;section-stretched&quot;}\">\n\t\t\t\t\t\t<div class=\"elementor-container elementor-column-gap-default\">\n\t\t\t\t\t<div class=\"elementor-column elementor-col-100 elementor-top-column elementor-element elementor-element-13fcd55\" data-id=\"13fcd55\" data-element_type=\"column\" data-e-type=\"column\">\n\t\t\t<div class=\"elementor-widget-wrap\">\n\t\t\t\t\t\t\t<\/div>\n\t\t<\/div>\n\t\t\t\t\t<\/div>\n\t\t<\/section>\n\t\t\t\t<\/div>\n\t\t","protected":false},"excerpt":{"rendered":"<p>Aulas Regulares Yoga e Medita\u00e7\u00e3o Op\u00e7\u00e3o Pagamento Semestral O que est\u00e1 inclu\u00eddo: Aulas Regulares de Yoga e Medita\u00e7\u00e3o Aulas ao vivo Presenciais e\/ou Online Acesso \u00e0s Grava\u00e7\u00f5es Condi\u00e7\u00f5es especiais para alunos para outras atividades da Escola AdiYogi Op\u00e7\u00f5es de Inscri\u00e7\u00e3o Yoga 1x Semana + Medita\u00e7\u00e3o 235.00&euro; Yoga 2x Semana + Medita\u00e7\u00e3o 290.00&euro; Apenas Yoga 1x [&hellip;]<\/p>\n","protected":false},"author":1,"featured_media":0,"parent":0,"menu_order":0,"comment_status":"closed","ping_status":"closed","template":"elementor_theme","meta":{"_uag_custom_page_level_css":"","site-sidebar-layout":"no-sidebar","site-content-layout":"page-builder","ast-site-content-layout":"full-width-container","site-content-style":"unboxed","site-sidebar-style":"unboxed","ast-global-header-display":"","ast-banner-title-visibility":"","ast-main-header-display":"","ast-hfb-above-header-display":"","ast-hfb-below-header-display":"","ast-hfb-mobile-header-display":"","site-post-title":"disabled","ast-breadcrumbs-content":"","ast-featured-img":"disabled","footer-sml-layout":"","ast-disable-related-posts":"","theme-transparent-header-meta":"","adv-header-id-meta":"","stick-header-meta":"","header-above-stick-meta":"","header-main-stick-meta":"","header-below-stick-meta":"","astra-migrate-meta-layouts":"set","ast-page-background-enabled":"default","ast-page-background-meta":{"desktop":{"background-color":"","background-image":"","background-repeat":"repeat","background-position":"center center","background-size":"auto","background-attachment":"scroll","background-type":"","background-media":"","overlay-type":"","overlay-color":"","overlay-opacity":"","overlay-gradient":""},"tablet":{"background-color":"","background-image":"","background-repeat":"repeat","background-position":"center center","background-size":"auto","background-attachment":"scroll","background-type":"","background-media":"","overlay-type":"","overlay-color":"","overlay-opacity":"","overlay-gradient":""},"mobile":{"background-color":"","background-image":"","background-repeat":"repeat","background-position":"center center","background-size":"auto","background-attachment":"scroll","background-type":"","background-media":"","overlay-type":"","overlay-color":"","overlay-opacity":"","overlay-gradient":""}},"ast-content-background-meta":{"desktop":{"background-color":"var(--ast-global-color-5)","background-image":"","background-repeat":"repeat","background-position":"center center","background-size":"auto","background-attachment":"scroll","background-type":"","background-media":"","overlay-type":"","overlay-color":"","overlay-opacity":"","overlay-gradient":""},"tablet":{"background-color":"var(--ast-global-color-5)","background-image":"","background-repeat":"repeat","background-position":"center center","background-size":"auto","background-attachment":"scroll","background-type":"","background-media":"","overlay-type":"","overlay-color":"","overlay-opacity":"","overlay-gradient":""},"mobile":{"background-color":"var(--ast-global-color-5)","background-image":"","background-repeat":"repeat","background-position":"center center","background-size":"auto","background-attachment":"scroll","background-type":"","background-media":"","overlay-type":"","overlay-color":"","overlay-opacity":"","overlay-gradient":""}},"footnotes":""},"class_list":["post-1665","page","type-page","status-publish","hentry"],"uagb_featured_image_src":{"full":false,"thumbnail":false,"medium":false,"medium_large":false,"large":false,"1536x1536":false,"2048x2048":false},"uagb_author_info":{"display_name":"asantana","author_link":"https:\/\/adiyogiescola.com\/cursos-online\/author\/asantana\/"},"uagb_comment_info":0,"uagb_excerpt":"Aulas Regulares Yoga e Medita\u00e7\u00e3o Op\u00e7\u00e3o Pagamento Semestral O que est\u00e1 inclu\u00eddo: Aulas Regulares de Yoga e Medita\u00e7\u00e3o Aulas ao vivo Presenciais e\/ou Online Acesso \u00e0s Grava\u00e7\u00f5es Condi\u00e7\u00f5es especiais para alunos para outras atividades da Escola AdiYogi Op\u00e7\u00f5es de Inscri\u00e7\u00e3o Yoga 1x Semana + Medita\u00e7\u00e3o 235.00&euro; Yoga 2x Semana + Medita\u00e7\u00e3o 290.00&euro; Apenas Yoga 1x&hellip;","_links":{"self":[{"href":"https:\/\/adiyogiescola.com\/cursos-online\/wp-json\/wp\/v2\/pages\/1665","targetHints":{"allow":["GET"]}}],"collection":[{"href":"https:\/\/adiyogiescola.com\/cursos-online\/wp-json\/wp\/v2\/pages"}],"about":[{"href":"https:\/\/adiyogiescola.com\/cursos-online\/wp-json\/wp\/v2\/types\/page"}],"author":[{"embeddable":true,"href":"https:\/\/adiyogiescola.com\/cursos-online\/wp-json\/wp\/v2\/users\/1"}],"replies":[{"embeddable":true,"href":"https:\/\/adiyogiescola.com\/cursos-online\/wp-json\/wp\/v2\/comments?post=1665"}],"version-history":[{"count":0,"href":"https:\/\/adiyogiescola.com\/cursos-online\/wp-json\/wp\/v2\/pages\/1665\/revisions"}],"wp:attachment":[{"href":"https:\/\/adiyogiescola.com\/cursos-online\/wp-json\/wp\/v2\/media?parent=1665"}],"curies":[{"name":"wp","href":"https:\/\/api.w.org\/{rel}","templated":true}]}}